{"id":1728,"date":"2023-12-20T22:41:22","date_gmt":"2023-12-20T21:41:22","guid":{"rendered":"https:\/\/www.greengoexperience.com\/?page_id=1728"},"modified":"2024-06-07T11:32:49","modified_gmt":"2024-06-07T09:32:49","slug":"chi-siamo","status":"publish","type":"page","link":"https:\/\/www.greengoexperience.com\/energy\/chi-siamo\/","title":{"rendered":"Chi Siamo"},"content":{"rendered":"<p>[et_pb_section fb_built=&#8221;1&#8243; admin_label=&#8221;Header&#8221; _builder_version=&#8221;4.23.1&#8243; _module_preset=&#8221;default&#8221; background_color=&#8221;#F3F6F4&#8243; background_image=&#8221;https:\/\/www.greengoexperience.com\/energy\/wp-content\/uploads\/2023\/12\/sfondo-gree-go.png&#8221; overflow-x=&#8221;hidden&#8221; overflow-y=&#8221;hidden&#8221; custom_margin=&#8221;30px|30px|30px|30px|true|true&#8221; custom_padding=&#8221;0px||0px|||&#8221; border_radii=&#8221;on|22px|22px|22px|22px&#8221; collapsed=&#8221;on&#8221; global_colors_info=&#8221;{}&#8221;][et_pb_row make_equal=&#8221;on&#8221; _builder_version=&#8221;4.22.0&#8243; _module_preset=&#8221;default&#8221; background_enable_color=&#8221;off&#8221; custom_padding=&#8221;||0px|||&#8221; global_colors_info=&#8221;{%22gcid-fc7b31e8-94d8-4560-b647-c33fa43cc805%22:%91%22background_color%22%93}&#8221;][et_pb_column type=&#8221;4_4&#8243; _builder_version=&#8221;4.22.0&#8243; _module_preset=&#8221;default&#8221; z_index=&#8221;10&#8243; custom_padding=&#8221;6vw||6vw||true|false&#8221; custom_padding_tablet=&#8221;|30px|||true|false&#8221; custom_padding_phone=&#8221;|20px|||true|false&#8221; custom_padding_last_edited=&#8221;on|tablet&#8221; global_colors_info=&#8221;{}&#8221;][et_pb_text _builder_version=&#8221;4.23.1&#8243; _module_preset=&#8221;a1ec5c2a-5eb7-4b9f-9ad7-4c9f902f6b86&#8243; text_font=&#8221;Dosis||||||||&#8221; text_text_color=&#8221;#2E8056&#8243; header_4_font=&#8221;Dosis|700||on|||||&#8221; header_4_text_color=&#8221;#2E8056&#8243; global_colors_info=&#8221;{}&#8221;]<\/p>\n<h4>LA NOSTRA REALTA&#8217; &#8211;\u00a0 GREEN-GO<\/h4>\n<p>[\/et_pb_text][et_pb_text _builder_version=&#8221;4.23.1&#8243; _module_preset=&#8221;b537e065-1ad3-41ce-bea6-2b64e59e159c&#8221; header_font=&#8221;|700|||||||&#8221; header_text_color=&#8221;#1E6145&#8243; custom_margin=&#8221;||10px||false|false&#8221; header_font_size_tablet=&#8221;&#8221; header_font_size_phone=&#8221;46px&#8221; header_font_size_last_edited=&#8221;on|phone&#8221; global_colors_info=&#8221;{}&#8221;]<\/p>\n<h1>Sfruttiamo al massimo il potenziale dell&#8217;innovazione<\/h1>\n<p>[\/et_pb_text][et_pb_text _builder_version=&#8221;4.23.1&#8243; _module_preset=&#8221;default&#8221; text_font=&#8221;Dosis||||||||&#8221; text_text_color=&#8221;#34312D&#8221; text_font_size=&#8221;29px&#8221; text_line_height=&#8221;1.2em&#8221; custom_margin=&#8221;||-2px|||&#8221; text_font_size_tablet=&#8221;28px&#8221; text_font_size_phone=&#8221;22px&#8221; text_font_size_last_edited=&#8221;on|phone&#8221; global_colors_info=&#8221;{}&#8221;]<\/p>\n<p>Guidati dall&#8217;innovazione esploriamo le frontiere della tecnologia, dell&#8217;agricoltura, della mobilit\u00e0 e dell&#8217;energia per trasformare il futuro.<\/p>\n<p><span>Siamo pi\u00f9 di un fornitore di prodotti e servizi; siamo parte di una tradizione italiana, con radici che si estendono per oltre 40 anni. La nostra eredit\u00e0 \u00e8 il tuo vantaggio.<\/span><\/p>\n<p>Il nostro impegno \u00e8 fornire vantaggi immediati e concreti ad aziende, professionistri e privati<br \/>trasformando le sfide in opportunit\u00e0 con un approccio etico e sostenibile.<\/p>\n<p>&nbsp;<\/p>\n<p>[\/et_pb_text][et_pb_text _builder_version=&#8221;4.23.1&#8243; _module_preset=&#8221;default&#8221; text_font=&#8221;Dosis||||||||&#8221; text_text_color=&#8221;#34312D&#8221; text_font_size=&#8221;29px&#8221; text_line_height=&#8221;1.2em&#8221; text_font_size_tablet=&#8221;28px&#8221; text_font_size_phone=&#8221;22px&#8221; text_font_size_last_edited=&#8221;on|phone&#8221; global_colors_info=&#8221;{}&#8221;]<\/p>\n<p><span>Per noi, aziende, professionisti e privati non sono solo destinatari dei nostri servizi; sono i nostri partner nell&#8217;avanzamento sostenibile. GREEN-GO trasforma le sfide in opportunit\u00e0 collaborando con te, con un impegno etico e responsabile. Ogni soluzione che offriamo \u00e8 plasmata dalla nostra visione di un futuro in cui l&#8217;innovazione \u00e8 sinonimo di sostenibilit\u00e0.<\/span><\/p>\n<p><span>Il nostro impegno va oltre le promesse di cambiamento. GREEN-GO offre vantaggi immediati e concreti, sia che tu sia un&#8217;azienda che cerca soluzioni su misura, un professionista alla ricerca di un supporto innovativo, o un privato desideroso di un impatto positivo sul proprio stile di vita. <\/span><\/p>\n<p>[\/et_pb_text][et_pb_button button_url=&#8221;https:\/\/www.greengoexperience.com&#8221; button_text=&#8221;Scopri la nostra virtual enterprise&#8221; button_alignment=&#8221;left&#8221; _builder_version=&#8221;4.24.3&#8243; _module_preset=&#8221;default&#8221; custom_button=&#8221;on&#8221; button_text_size=&#8221;25px&#8221; button_text_color=&#8221;#1E6145&#8243; button_bg_use_color_gradient=&#8221;on&#8221; button_bg_color_gradient_direction=&#8221;183deg&#8221; button_bg_color_gradient_stops=&#8221;#f3f6f4 0%|#f3f6f4 39%&#8221; button_border_radius=&#8221;22px&#8221; button_font=&#8221;Montserrat||||||||&#8221; global_colors_info=&#8221;{}&#8221; button_bg_color__hover_enabled=&#8221;on|hover&#8221; button_bg_color__hover=&#8221;#56a036&#8243; button_bg_enable_color__hover=&#8221;on&#8221; button_text_color__hover_enabled=&#8221;on|hover&#8221; button_text_color__hover=&#8221;#F3F3F4&#8243;][\/et_pb_button][\/et_pb_column][\/et_pb_row][\/et_pb_section][et_pb_section fb_built=&#8221;1&#8243; _builder_version=&#8221;4.23.1&#8243; _module_preset=&#8221;default&#8221; custom_padding=&#8221;||5px|||&#8221; global_colors_info=&#8221;{}&#8221;][et_pb_row _builder_version=&#8221;4.23.1&#8243; _module_preset=&#8221;default&#8221; global_colors_info=&#8221;{}&#8221;][et_pb_column type=&#8221;4_4&#8243; _builder_version=&#8221;4.23.1&#8243; _module_preset=&#8221;default&#8221; global_colors_info=&#8221;{}&#8221;][et_pb_text _builder_version=&#8221;4.23.1&#8243; _module_preset=&#8221;default&#8221; text_font=&#8221;Dosis||||||||&#8221; text_text_color=&#8221;#123F33&#8243; text_font_size=&#8221;48px&#8221; text_font_size_tablet=&#8221;48px&#8221; text_font_size_phone=&#8221;30px&#8221; text_font_size_last_edited=&#8221;on|desktop&#8221; global_colors_info=&#8221;{}&#8221;]<\/p>\n<p>Ultime dal mondo Green-Go<\/p>\n<p>[\/et_pb_text][\/et_pb_column][\/et_pb_row][et_pb_row _builder_version=&#8221;4.23.1&#8243; _module_preset=&#8221;default&#8221; global_colors_info=&#8221;{}&#8221;][et_pb_column type=&#8221;4_4&#8243; _builder_version=&#8221;4.23.1&#8243; _module_preset=&#8221;default&#8221; global_colors_info=&#8221;{}&#8221;][et_pb_blog fullwidth=&#8221;off&#8221; posts_number=&#8221;3&#8243; include_categories=&#8221;7&#8243; show_more=&#8221;on&#8221; show_author=&#8221;off&#8221; show_date=&#8221;off&#8221; show_categories=&#8221;off&#8221; show_excerpt=&#8221;off&#8221; show_pagination=&#8221;off&#8221; _builder_version=&#8221;4.23.1&#8243; _module_preset=&#8221;default&#8221; global_colors_info=&#8221;{}&#8221;][\/et_pb_blog][et_pb_divider color=&#8221;#F3F6F4&#8243; _builder_version=&#8221;4.23.1&#8243; _module_preset=&#8221;default&#8221; width=&#8221;66%&#8221; module_alignment=&#8221;center&#8221; custom_margin=&#8221;5%||24px||false|false&#8221; global_colors_info=&#8221;{}&#8221;][\/et_pb_divider][et_pb_text _builder_version=&#8221;4.23.1&#8243; _module_preset=&#8221;default&#8221; text_font=&#8221;Dosis||||||||&#8221; text_text_color=&#8221;#123F33&#8243; text_font_size=&#8221;48px&#8221; custom_margin=&#8221;||5%||false|false&#8221; text_font_size_tablet=&#8221;48px&#8221; text_font_size_phone=&#8221;30px&#8221; text_font_size_last_edited=&#8221;on|desktop&#8221; global_colors_info=&#8221;{}&#8221;]<\/p>\n<p>Tra le nostre attivit\u00e0:<\/p>\n<p>[\/et_pb_text][\/et_pb_column][\/et_pb_row][et_pb_row column_structure=&#8221;1_4,1_4,1_4,1_4&#8243; use_custom_gutter=&#8221;on&#8221; gutter_width=&#8221;2&#8243; make_equal=&#8221;on&#8221; module_id=&#8221;attivita&#8221; _builder_version=&#8221;4.23.1&#8243; _module_preset=&#8221;default&#8221; background_color=&#8221;rgba(46,128,86,0.12)&#8221; background_image=&#8221;https:\/\/www.greengoexperience.com\/energy\/wp-content\/uploads\/2023\/12\/sfondo-gree-go.png&#8221; background_size=&#8221;custom&#8221; background_image_width=&#8221;66%&#8221; background_image_height=&#8221;0%&#8221; background_pattern_repeat_origin=&#8221;bottom_center&#8221; background_pattern_vertical_offset=&#8221;94%&#8221; module_alignment=&#8221;center&#8221; custom_padding=&#8221;|2%||2%|false|true&#8221; border_radii=&#8221;on|22px|22px|22px|22px&#8221; box_shadow_style=&#8221;preset2&#8243; global_colors_info=&#8221;{}&#8221;][et_pb_column type=&#8221;1_4&#8243; _builder_version=&#8221;4.23.1&#8243; _module_preset=&#8221;default&#8221; global_colors_info=&#8221;{}&#8221;][et_pb_blurb title=&#8221;Strumenti Finanziari&#8221; use_icon=&#8221;on&#8221; font_icon=&#8221;&#xe100;||divi||400&#8243; _builder_version=&#8221;4.23.1&#8243; _module_preset=&#8221;default&#8221; header_font_size=&#8221;22px&#8221; body_font_size=&#8221;20px&#8221; header_font_size_tablet=&#8221;22px&#8221; header_font_size_phone=&#8221;22px&#8221; header_font_size_last_edited=&#8221;on|desktop&#8221; global_colors_info=&#8221;{}&#8221;]<\/p>\n<p><span>Approfitta di una gamma completa di strumenti finanziari progettati per sostenere la crescita aziendale. <\/span><\/p>\n<p><span>Soluzioni di finanziamento innovative, noleggio operativo, ecc. Collaboriamo per massimizzare il potenziale finanziario delle tue iniziative.\u00a0<\/span><\/p>\n<p>[\/et_pb_blurb][\/et_pb_column][et_pb_column type=&#8221;1_4&#8243; _builder_version=&#8221;4.23.1&#8243; _module_preset=&#8221;default&#8221; global_colors_info=&#8221;{}&#8221;][et_pb_blurb title=&#8221;Forniture Specializzate&#8221; use_icon=&#8221;on&#8221; font_icon=&#8221;&#xe015;||divi||400&#8243; _builder_version=&#8221;4.23.1&#8243; _module_preset=&#8221;default&#8221; header_font_size=&#8221;22px&#8221; body_font_size=&#8221;20px&#8221; header_font_size_tablet=&#8221;22px&#8221; header_font_size_phone=&#8221;22px&#8221; header_font_size_last_edited=&#8221;on|desktop&#8221; global_colors_info=&#8221;{}&#8221;]<\/p>\n<p><span>La nostra vasta gamma di prodotti, include quelli essenziali a prezzi estremamente competitivi e quelli all&#8217;avanguardia difficili da trovare altrove. <\/span><\/p>\n<p><span>I cataloghi curati attentamente, garantiscono soluzioni che rispondono alle tue esigenze, indipendentemente dalla complessit\u00e0.\u00a0<\/span><\/p>\n<p>[\/et_pb_blurb][\/et_pb_column][et_pb_column type=&#8221;1_4&#8243; _builder_version=&#8221;4.23.1&#8243; _module_preset=&#8221;default&#8221; global_colors_info=&#8221;{}&#8221;][et_pb_blurb title=&#8221;Bandi e Incentivi&#8221; use_icon=&#8221;on&#8221; font_icon=&#8221;&#xe101;||divi||400&#8243; _builder_version=&#8221;4.23.1&#8243; _module_preset=&#8221;default&#8221; header_font_size=&#8221;22px&#8221; body_font_size=&#8221;20px&#8221; header_font_size_tablet=&#8221;22px&#8221; header_font_size_phone=&#8221;22px&#8221; header_font_size_last_edited=&#8221;on|desktop&#8221; global_colors_info=&#8221;{}&#8221;]<\/p>\n<p><span>Semplifichiamo il processo di accesso a bandi e incentivi statali.<\/span><\/p>\n<p><span> Offriamo assistenza specializzata gratuita per guidarti attraverso le opportunit\u00e0 di finanziamento disponibili, per sfruttare al massimo le risorse a tua disposizione.<\/span><\/p>\n<p>[\/et_pb_blurb][\/et_pb_column][et_pb_column type=&#8221;1_4&#8243; _builder_version=&#8221;4.23.1&#8243; _module_preset=&#8221;default&#8221; global_colors_info=&#8221;{}&#8221;][et_pb_blurb title=&#8221;Community Professionale&#8221; use_icon=&#8221;on&#8221; font_icon=&#8221;&#xe08b;||divi||400&#8243; _builder_version=&#8221;4.23.1&#8243; _module_preset=&#8221;default&#8221; header_font_size=&#8221;22px&#8221; body_font_size=&#8221;20px&#8221; header_font_size_tablet=&#8221;22px&#8221; header_font_size_phone=&#8221;22px&#8221; header_font_size_last_edited=&#8221;on|desktop&#8221; global_colors_info=&#8221;{}&#8221;]<\/p>\n<p>Offriamo l&#8217;opportunit\u00e0 di networking, condivisione di progetti e partecipazione come fornitore a lavori all&#8217;interno della nostra piattaforma.<\/p>\n<p>La forza della nostra community \u00e8 il fondamento su cui costruiamo il successo condiviso.<\/p>\n<p>[\/et_pb_blurb][\/et_pb_column][\/et_pb_row][et_pb_row _builder_version=&#8221;4.23.1&#8243; _module_preset=&#8221;default&#8221; global_colors_info=&#8221;{}&#8221;][et_pb_column type=&#8221;4_4&#8243; _builder_version=&#8221;4.23.1&#8243; _module_preset=&#8221;default&#8221; global_colors_info=&#8221;{}&#8221;][et_pb_divider color=&#8221;#F3F6F4&#8243; _builder_version=&#8221;4.23.1&#8243; _module_preset=&#8221;default&#8221; width=&#8221;66%&#8221; module_alignment=&#8221;center&#8221; custom_margin=&#8221;5%||24px||false|false&#8221; global_colors_info=&#8221;{}&#8221;][\/et_pb_divider][et_pb_button button_url=&#8221;https:\/\/www.greengoexperience.com\/energy\/supporto\/&#8221; button_text=&#8221;Parla con un esperto&#8221; button_alignment=&#8221;center&#8221; _builder_version=&#8221;4.24.3&#8243; _module_preset=&#8221;default&#8221; custom_button=&#8221;on&#8221; button_text_size=&#8221;34px&#8221; button_text_color=&#8221;#F3F3F4&#8243; button_bg_color=&#8221;#2E8056&#8243; button_bg_use_color_gradient=&#8221;on&#8221; button_bg_color_gradient_direction=&#8221;183deg&#8221; button_bg_color_gradient_stops=&#8221;#82e84c 0%|#2e8056 40%&#8221; button_border_radius=&#8221;22px&#8221; button_font=&#8221;Montserrat||||||||&#8221; global_colors_info=&#8221;{}&#8221; button_bg_color__hover_enabled=&#8221;on|desktop&#8221; button_bg_color__hover=&#8221;#2E8056&#8243;][\/et_pb_button][et_pb_divider color=&#8221;#F3F6F4&#8243; _builder_version=&#8221;4.23.1&#8243; _module_preset=&#8221;default&#8221; width=&#8221;66%&#8221; module_alignment=&#8221;center&#8221; custom_margin=&#8221;5%||2px||false|false&#8221; global_colors_info=&#8221;{}&#8221;][\/et_pb_divider][\/et_pb_column][\/et_pb_row][\/et_pb_section][et_pb_section fb_built=&#8221;1&#8243; admin_label=&#8221;Features&#8221; _builder_version=&#8221;4.22.0&#8243; _module_preset=&#8221;default&#8221; custom_padding=&#8221;5px|||||&#8221; collapsed=&#8221;on&#8221; global_colors_info=&#8221;{}&#8221;][et_pb_row _builder_version=&#8221;4.22.0&#8243; _module_preset=&#8221;default&#8221; global_colors_info=&#8221;{}&#8221;][et_pb_column type=&#8221;4_4&#8243; _builder_version=&#8221;4.22.0&#8243; _module_preset=&#8221;default&#8221; global_colors_info=&#8221;{}&#8221;][et_pb_text _builder_version=&#8221;4.24.3&#8243; _module_preset=&#8221;f3f624ce-c17c-42a5-99e2-bbebeca8ce4d&#8221; header_2_font=&#8221;Dosis|700|||||||&#8221; header_2_text_color=&#8221;#1E6145&#8243; global_colors_info=&#8221;{}&#8221;]<\/p>\n<h2>Potrebbero interessarti:<\/h2>\n<p>[\/et_pb_text][\/et_pb_column][\/et_pb_row][et_pb_row column_structure=&#8221;1_2,1_2&#8243; use_custom_gutter=&#8221;on&#8221; gutter_width=&#8221;2&#8243; _builder_version=&#8221;4.23.1&#8243; _module_preset=&#8221;default&#8221; locked=&#8221;off&#8221; global_colors_info=&#8221;{}&#8221;][et_pb_column type=&#8221;1_2&#8243; _builder_version=&#8221;4.23.1&#8243; _module_preset=&#8221;default&#8221; background_color=&#8221;#F3F6F4&#8243; custom_padding=&#8221;40px|40px|40px|40px|true|true&#8221; custom_padding_tablet=&#8221;30px|30px|30px|30px|true|true&#8221; custom_padding_phone=&#8221;20px|20px|20px|20px|true|true&#8221; custom_padding_last_edited=&#8221;on|phone&#8221; border_radii=&#8221;on|10px|10px|10px|10px&#8221; global_colors_info=&#8221;{}&#8221;][et_pb_text _builder_version=&#8221;4.24.3&#8243; _module_preset=&#8221;ea809a08-6218-43ac-9dd0-b49f7d524aa3&#8243; text_font=&#8221;Dosis||||||||&#8221; text_font_size=&#8221;30px&#8221; header_2_font=&#8221;Dosis|700|||||||&#8221; header_2_text_color=&#8221;#1E6145&#8243; text_orientation=&#8221;center&#8221; link_option_url=&#8221;https:\/\/www.greengoexperience.com\/energy\/bandi-e-incentivi\/&#8221; global_colors_info=&#8221;{}&#8221;]<\/p>\n<p>Consulenza per bandi e incentivi<\/p>\n<p>[\/et_pb_text][\/et_pb_column][et_pb_column type=&#8221;1_2&#8243; _builder_version=&#8221;4.23.1&#8243; _module_preset=&#8221;default&#8221; background_color=&#8221;#F3F6F4&#8243; custom_padding=&#8221;40px|40px|40px|40px|true|true&#8221; custom_padding_tablet=&#8221;30px|30px|30px|30px|true|true&#8221; custom_padding_phone=&#8221;20px|20px|20px|20px|true|true&#8221; custom_padding_last_edited=&#8221;on|phone&#8221; border_radii=&#8221;on|10px|10px|10px|10px&#8221; global_colors_info=&#8221;{}&#8221;][et_pb_text _builder_version=&#8221;4.24.3&#8243; _module_preset=&#8221;ea809a08-6218-43ac-9dd0-b49f7d524aa3&#8243; text_font=&#8221;Dosis||||||||&#8221; text_font_size=&#8221;30px&#8221; header_2_font=&#8221;Dosis|700|||||||&#8221; header_2_text_color=&#8221;#1E6145&#8243; text_orientation=&#8221;center&#8221; link_option_url=&#8221;https:\/\/www.greengoexperience.com\/energy\/pannelli-flessibili-sunman\/&#8221; global_colors_info=&#8221;{}&#8221;]<\/p>\n<p>Nuovi prodotti: pannelli flessibili\u00a0<\/p>\n<p>[\/et_pb_text][\/et_pb_column][\/et_pb_row][\/et_pb_section][et_pb_section fb_built=&#8221;1&#8243; _builder_version=&#8221;4.24.3&#8243; _module_preset=&#8221;default&#8221; custom_padding=&#8221;28px||28px|||&#8221; global_colors_info=&#8221;{}&#8221; theme_builder_area=&#8221;post_content&#8221;][et_pb_row column_structure=&#8221;1_3,2_3&#8243; _builder_version=&#8221;4.24.3&#8243; _module_preset=&#8221;default&#8221; global_colors_info=&#8221;{}&#8221; theme_builder_area=&#8221;post_content&#8221;][et_pb_column type=&#8221;1_3&#8243; _builder_version=&#8221;4.24.3&#8243; _module_preset=&#8221;default&#8221; global_colors_info=&#8221;{}&#8221; theme_builder_area=&#8221;post_content&#8221;][et_pb_blurb title=&#8221;GESTIONE RAEE&#8221; image=&#8221;https:\/\/www.greengoexperience.com\/energy\/wp-content\/uploads\/2024\/06\/GREEN-GO-RAEE.jpg&#8221; _builder_version=&#8221;4.24.3&#8243; _module_preset=&#8221;default&#8221; header_text_align=&#8221;center&#8221; header_text_color=&#8221;#F01260&#8243; header_font_size=&#8221;34px&#8221; body_font=&#8221;|800|||||||&#8221; body_text_align=&#8221;center&#8221; global_colors_info=&#8221;{}&#8221; theme_builder_area=&#8221;post_content&#8221;]<\/p>\n<p><span>Green-Go aderisce al Consorzio Ecoem<\/span><\/p>\n<p>[\/et_pb_blurb][\/et_pb_column][et_pb_column type=&#8221;2_3&#8243; _builder_version=&#8221;4.24.3&#8243; _module_preset=&#8221;default&#8221; global_colors_info=&#8221;{}&#8221; theme_builder_area=&#8221;post_content&#8221;][et_pb_text _builder_version=&#8221;4.24.3&#8243; _module_preset=&#8221;58cf6d1f-4629-421f-90da-e84b459ec102&#8243; text_font=&#8221;|600|||||||&#8221; text_line_height=&#8221;1.8em&#8221; text_font_size_tablet=&#8221;24px&#8221; text_font_size_phone=&#8221;19px&#8221; text_font_size_last_edited=&#8221;on|desktop&#8221; text_line_height_tablet=&#8221;1.8em&#8221; text_line_height_phone=&#8221;1.6em&#8221; text_line_height_last_edited=&#8221;on|desktop&#8221; global_colors_info=&#8221;{}&#8221; theme_builder_area=&#8221;post_content&#8221;]<\/p>\n<p>Il Consorzio Ecoem \u00e8 il Sistema Collettivo Nazionale riconosciuto dal Ministero dell\u2019Ambiente e<span>\u00a0<\/span><strong>certificato per la gestione dei RAEE<\/strong>, Pile e Accumulatori, Moduli fotovoltaici domestici e professionali, fondato nel 2008 per agevolare l\u2019applicazione sul mercato del Dlg. n\u00b049\/2014 del Dlg. n\u00b0188\/2008 e sue successive integrazioni e\/o modificazioni.<\/p>\n<p><strong>Il Consorzio gestisce la raccolta, trasporto, trattamento, riciclo e smaltimento dei RAEE<\/strong>, Pile e Accumulatori e Apparecchi Fotovoltaici domestici e professionali in base alle leggi vigenti e promuove la cultura del riciclo finalizzato alla salvaguardia dell\u2019ambiente nell\u2019attuazione di un efficiente e competitiva gestione dei prodotti tecnologici a fine vita.<\/p>\n<p>[\/et_pb_text][\/et_pb_column][\/et_pb_row][\/et_pb_section]<\/p>\n","protected":false},"excerpt":{"rendered":"<p>LA NOSTRA REALTA&#8217; &#8211;\u00a0 GREEN-GOSfruttiamo al massimo il potenziale dell&#8217;innovazioneGuidati dall&#8217;innovazione esploriamo le frontiere della tecnologia, dell&#8217;agricoltura, della mobilit\u00e0 e dell&#8217;energia per trasformare il futuro. Siamo pi\u00f9 di un fornitore di prodotti e servizi; siamo parte di una tradizione italiana, con radici che si estendono per oltre 40 anni. La nostra eredit\u00e0 \u00e8 il tuo [&hellip;]<\/p>\n","protected":false},"author":2,"featured_media":0,"parent":0,"menu_order":0,"comment_status":"closed","ping_status":"closed","template":"","meta":{"_et_pb_use_builder":"on","_et_pb_old_content":"","_et_gb_content_width":"","footnotes":""},"class_list":["post-1728","page","type-page","status-publish","hentry"],"_links":{"self":[{"href":"https:\/\/www.greengoexperience.com\/energy\/wp-json\/wp\/v2\/pages\/1728","targetHints":{"allow":["GET"]}}],"collection":[{"href":"https:\/\/www.greengoexperience.com\/energy\/wp-json\/wp\/v2\/pages"}],"about":[{"href":"https:\/\/www.greengoexperience.com\/energy\/wp-json\/wp\/v2\/types\/page"}],"author":[{"embeddable":true,"href":"https:\/\/www.greengoexperience.com\/energy\/wp-json\/wp\/v2\/users\/2"}],"replies":[{"embeddable":true,"href":"https:\/\/www.greengoexperience.com\/energy\/wp-json\/wp\/v2\/comments?post=1728"}],"version-history":[{"count":4,"href":"https:\/\/www.greengoexperience.com\/energy\/wp-json\/wp\/v2\/pages\/1728\/revisions"}],"predecessor-version":[{"id":2629,"href":"https:\/\/www.greengoexperience.com\/energy\/wp-json\/wp\/v2\/pages\/1728\/revisions\/2629"}],"wp:attachment":[{"href":"https:\/\/www.greengoexperience.com\/energy\/wp-json\/wp\/v2\/media?parent=1728"}],"curies":[{"name":"wp","href":"https:\/\/api.w.org\/{rel}","templated":true}]}}