{"id":1787,"date":"2023-12-21T13:53:42","date_gmt":"2023-12-21T12:53:42","guid":{"rendered":"https:\/\/www.greengoexperience.com\/?page_id=1787"},"modified":"2024-02-07T22:00:01","modified_gmt":"2024-02-07T21:00:01","slug":"news","status":"publish","type":"page","link":"https:\/\/www.greengoexperience.com\/energy\/news\/","title":{"rendered":"News"},"content":{"rendered":"<p>[et_pb_section fb_built=&#8221;1&#8243; specialty=&#8221;on&#8221; admin_label=&#8221;Feature&#8221; _builder_version=&#8221;4.23.1&#8243; _module_preset=&#8221;default&#8221; background_video_mp4=&#8221;https:\/\/www.greengoexperience.com\/energy\/wp-content\/uploads\/2023\/12\/news-greengo.mp4&#8243; collapsed=&#8221;off&#8221; global_colors_info=&#8221;{}&#8221;][et_pb_column type=&#8221;1_2&#8243; _builder_version=&#8221;4.16&#8243; _module_preset=&#8221;default&#8221; custom_padding=&#8221;|||&#8221; global_colors_info=&#8221;{}&#8221; custom_padding__hover=&#8221;|||&#8221;][et_pb_text _builder_version=&#8221;4.23.1&#8243; _module_preset=&#8221;f3f624ce-c17c-42a5-99e2-bbebeca8ce4d&#8221; text_font=&#8221;Dosis|600|||||||&#8221; text_text_color=&#8221;#F3F6F4&#8243; text_font_size=&#8221;47px&#8221; text_line_height=&#8221;1em&#8221; header_font=&#8221;Dosis|700|||||||&#8221; header_text_color=&#8221;#1E6145&#8243; custom_margin=&#8221;||10px||false|false&#8221; text_font_size_tablet=&#8221;47px&#8221; text_font_size_phone=&#8221;40px&#8221; text_font_size_last_edited=&#8221;on|phone&#8221; locked=&#8221;off&#8221; global_colors_info=&#8221;{}&#8221;]<\/p>\n<p>Il mondo Green-Go<\/p>\n<p>[\/et_pb_text][et_pb_text _builder_version=&#8221;4.23.1&#8243; _module_preset=&#8221;58cf6d1f-4629-421f-90da-e84b459ec102&#8243; text_font=&#8221;|600|||||||&#8221; text_text_color=&#8221;#F3F6F4&#8243; text_font_size=&#8221;18px&#8221; text_font_size_tablet=&#8221;18px&#8221; text_font_size_phone=&#8221;18px&#8221; text_font_size_last_edited=&#8221;on|phone&#8221; global_colors_info=&#8221;{}&#8221;]<\/p>\n<p>Scopri le ultime storie, progetti e successi che plasmano il nostro mondo GREEN-GO. Nella sezione NEWS, immergiti nell&#8217;universo dell&#8217;innovazione e della sostenibilit\u00e0, dove ogni aggiornamento \u00e8 un passo avanti verso il cambiamento positivo.<\/p>\n<p>[\/et_pb_text][\/et_pb_column][et_pb_column type=&#8221;1_2&#8243; specialty_columns=&#8221;2&#8243; _builder_version=&#8221;4.16&#8243; _module_preset=&#8221;default&#8221; custom_padding=&#8221;|||&#8221; global_colors_info=&#8221;{}&#8221; custom_padding__hover=&#8221;|||&#8221;][et_pb_row_inner _builder_version=&#8221;4.22.0&#8243; _module_preset=&#8221;default&#8221; global_colors_info=&#8221;{}&#8221;][et_pb_column_inner saved_specialty_column_type=&#8221;1_2&#8243; _builder_version=&#8221;4.22.0&#8243; _module_preset=&#8221;default&#8221; global_colors_info=&#8221;{}&#8221;][et_pb_button button_url=&#8221;#community&#8221; button_text=&#8221;Entra nella Community&#8221; button_alignment=&#8221;center&#8221; _builder_version=&#8221;4.23.1&#8243; _module_preset=&#8221;default&#8221; custom_button=&#8221;on&#8221; button_text_size=&#8221;23px&#8221; button_text_color=&#8221;#F3F3F4&#8243; button_bg_color=&#8221;RGBA(255,255,255,0)&#8221; button_border_radius=&#8221;22px&#8221; button_font=&#8221;Montserrat||||||||&#8221; global_colors_info=&#8221;{}&#8221; button_bg_color__hover_enabled=&#8221;on|desktop&#8221; button_bg_color__hover=&#8221;#2E8056&#8243;][\/et_pb_button][\/et_pb_column_inner][\/et_pb_row_inner][\/et_pb_column][\/et_pb_section][et_pb_section fb_built=&#8221;1&#8243; _builder_version=&#8221;4.23.1&#8243; _module_preset=&#8221;default&#8221; custom_padding=&#8221;||5px|||&#8221; global_colors_info=&#8221;{}&#8221;][et_pb_row _builder_version=&#8221;4.23.1&#8243; _module_preset=&#8221;default&#8221; global_colors_info=&#8221;{}&#8221;][et_pb_column type=&#8221;4_4&#8243; _builder_version=&#8221;4.23.1&#8243; _module_preset=&#8221;default&#8221; global_colors_info=&#8221;{}&#8221;][et_pb_text _builder_version=&#8221;4.23.1&#8243; _module_preset=&#8221;default&#8221; text_font=&#8221;Dosis||||||||&#8221; text_text_color=&#8221;#123F33&#8243; text_font_size=&#8221;48px&#8221; text_font_size_tablet=&#8221;48px&#8221; text_font_size_phone=&#8221;30px&#8221; text_font_size_last_edited=&#8221;on|desktop&#8221; global_colors_info=&#8221;{}&#8221;]<\/p>\n<p>Ultime Notizie dal mondo Green-Go:<\/p>\n<p>[\/et_pb_text][\/et_pb_column][\/et_pb_row][et_pb_row _builder_version=&#8221;4.23.1&#8243; _module_preset=&#8221;default&#8221; global_colors_info=&#8221;{}&#8221;][et_pb_column type=&#8221;4_4&#8243; _builder_version=&#8221;4.23.1&#8243; _module_preset=&#8221;default&#8221; global_colors_info=&#8221;{}&#8221;][et_pb_blog fullwidth=&#8221;off&#8221; posts_number=&#8221;12&#8243; include_categories=&#8221;7&#8243; use_manual_excerpt=&#8221;off&#8221; excerpt_length=&#8221;120&#8243; show_more=&#8221;on&#8221; show_author=&#8221;off&#8221; show_categories=&#8221;off&#8221; show_excerpt=&#8221;off&#8221; show_pagination=&#8221;off&#8221; _builder_version=&#8221;4.23.1&#8243; _module_preset=&#8221;default&#8221; header_line_height=&#8221;1.4em&#8221; meta_text_color=&#8221;#c4c4c4&#8243; meta_font_size=&#8221;11px&#8221; read_more_font=&#8221;Montserrat||||||||&#8221; read_more_text_color=&#8221;#7c7c7b&#8221; border_radii=&#8221;on|22px|22px|22px|22px&#8221; box_shadow_style=&#8221;preset2&#8243; global_colors_info=&#8221;{}&#8221;][\/et_pb_blog][et_pb_divider color=&#8221;#F3F6F4&#8243; _builder_version=&#8221;4.23.1&#8243; _module_preset=&#8221;default&#8221; width=&#8221;66%&#8221; module_alignment=&#8221;center&#8221; custom_margin=&#8221;5%||24px||false|false&#8221; global_colors_info=&#8221;{}&#8221;][\/et_pb_divider][et_pb_text disabled_on=&#8221;on|off|off&#8221; _builder_version=&#8221;4.23.1&#8243; _module_preset=&#8221;default&#8221; text_font=&#8221;Dosis||||||||&#8221; text_text_color=&#8221;#123F33&#8243; text_font_size=&#8221;48px&#8221; custom_margin=&#8221;||5%||false|false&#8221; text_font_size_tablet=&#8221;48px&#8221; text_font_size_phone=&#8221;30px&#8221; text_font_size_last_edited=&#8221;on|desktop&#8221; global_colors_info=&#8221;{}&#8221;]<\/p>\n<p>Tra le nostre attivit\u00e0:<\/p>\n<p>[\/et_pb_text][\/et_pb_column][\/et_pb_row][et_pb_row column_structure=&#8221;1_4,1_4,1_4,1_4&#8243; use_custom_gutter=&#8221;on&#8221; gutter_width=&#8221;2&#8243; make_equal=&#8221;on&#8221; disabled_on=&#8221;on|off|off&#8221; module_id=&#8221;attivita&#8221; _builder_version=&#8221;4.23.1&#8243; _module_preset=&#8221;default&#8221; background_color=&#8221;rgba(46,128,86,0.12)&#8221; background_image=&#8221;https:\/\/www.greengoexperience.com\/energy\/wp-content\/uploads\/2023\/12\/sfondo-gree-go.png&#8221; background_size=&#8221;custom&#8221; background_image_width=&#8221;66%&#8221; background_image_height=&#8221;0%&#8221; background_pattern_repeat_origin=&#8221;bottom_center&#8221; background_pattern_vertical_offset=&#8221;94%&#8221; module_alignment=&#8221;center&#8221; custom_padding=&#8221;|2%||2%|false|true&#8221; border_radii=&#8221;on|22px|22px|22px|22px&#8221; box_shadow_style=&#8221;preset2&#8243; global_colors_info=&#8221;{}&#8221;][et_pb_column type=&#8221;1_4&#8243; _builder_version=&#8221;4.23.1&#8243; _module_preset=&#8221;default&#8221; global_colors_info=&#8221;{}&#8221;][et_pb_blurb title=&#8221;Strumenti Finanziari&#8221; use_icon=&#8221;on&#8221; font_icon=&#8221;&#xe100;||divi||400&#8243; _builder_version=&#8221;4.23.1&#8243; _module_preset=&#8221;default&#8221; header_font_size=&#8221;22px&#8221; body_font_size=&#8221;20px&#8221; header_font_size_tablet=&#8221;22px&#8221; header_font_size_phone=&#8221;22px&#8221; header_font_size_last_edited=&#8221;on|desktop&#8221; global_colors_info=&#8221;{}&#8221;]<\/p>\n<p><span>Approfitta di una gamma completa di strumenti finanziari progettati per sostenere la crescita aziendale. <\/span><\/p>\n<p><span>Soluzioni di finanziamento innovative, noleggio operativo, ecc. Collaboriamo per massimizzare il potenziale finanziario delle tue iniziative.\u00a0<\/span><\/p>\n<p>[\/et_pb_blurb][\/et_pb_column][et_pb_column type=&#8221;1_4&#8243; _builder_version=&#8221;4.23.1&#8243; _module_preset=&#8221;default&#8221; global_colors_info=&#8221;{}&#8221;][et_pb_blurb title=&#8221;Forniture Specializzate&#8221; use_icon=&#8221;on&#8221; font_icon=&#8221;&#xe015;||divi||400&#8243; _builder_version=&#8221;4.23.1&#8243; _module_preset=&#8221;default&#8221; header_font_size=&#8221;22px&#8221; body_font_size=&#8221;20px&#8221; header_font_size_tablet=&#8221;22px&#8221; header_font_size_phone=&#8221;22px&#8221; header_font_size_last_edited=&#8221;on|desktop&#8221; global_colors_info=&#8221;{}&#8221;]<\/p>\n<p><span>La nostra vasta gamma di prodotti, include quelli essenziali a prezzi estremamente competitivi e quelli all&#8217;avanguardia difficili da trovare altrove. <\/span><\/p>\n<p><span>I cataloghi curati attentamente, garantiscono soluzioni che rispondono alle tue esigenze, indipendentemente dalla complessit\u00e0.\u00a0<\/span><\/p>\n<p>[\/et_pb_blurb][\/et_pb_column][et_pb_column type=&#8221;1_4&#8243; _builder_version=&#8221;4.23.1&#8243; _module_preset=&#8221;default&#8221; global_colors_info=&#8221;{}&#8221;][et_pb_blurb title=&#8221;Bandi e Incentivi&#8221; use_icon=&#8221;on&#8221; font_icon=&#8221;&#xe101;||divi||400&#8243; _builder_version=&#8221;4.23.1&#8243; _module_preset=&#8221;default&#8221; header_font_size=&#8221;22px&#8221; body_font_size=&#8221;20px&#8221; header_font_size_tablet=&#8221;22px&#8221; header_font_size_phone=&#8221;22px&#8221; header_font_size_last_edited=&#8221;on|desktop&#8221; global_colors_info=&#8221;{}&#8221;]<\/p>\n<p><span>Semplifichiamo il processo di accesso a bandi e incentivi statali.<\/span><\/p>\n<p><span> Offriamo assistenza specializzata gratuita per guidarti attraverso le opportunit\u00e0 di finanziamento disponibili, per sfruttare al massimo le risorse a tua disposizione.<\/span><\/p>\n<p>[\/et_pb_blurb][\/et_pb_column][et_pb_column type=&#8221;1_4&#8243; _builder_version=&#8221;4.23.1&#8243; _module_preset=&#8221;default&#8221; global_colors_info=&#8221;{}&#8221;][et_pb_blurb title=&#8221;Community Professionale&#8221; use_icon=&#8221;on&#8221; font_icon=&#8221;&#xe08b;||divi||400&#8243; _builder_version=&#8221;4.23.1&#8243; _module_preset=&#8221;default&#8221; header_font_size=&#8221;22px&#8221; body_font_size=&#8221;20px&#8221; header_font_size_tablet=&#8221;22px&#8221; header_font_size_phone=&#8221;22px&#8221; header_font_size_last_edited=&#8221;on|desktop&#8221; global_colors_info=&#8221;{}&#8221;]<\/p>\n<p>Offriamo l&#8217;opportunit\u00e0 di networking, condivisione di progetti e partecipazione come fornitore a lavori all&#8217;interno della nostra piattaforma.<\/p>\n<p>La forza della nostra community \u00e8 il fondamento su cui costruiamo il successo condiviso.<\/p>\n<p>[\/et_pb_blurb][\/et_pb_column][\/et_pb_row][et_pb_row _builder_version=&#8221;4.23.1&#8243; _module_preset=&#8221;default&#8221; global_colors_info=&#8221;{}&#8221;][et_pb_column type=&#8221;4_4&#8243; _builder_version=&#8221;4.23.1&#8243; _module_preset=&#8221;default&#8221; global_colors_info=&#8221;{}&#8221;][et_pb_divider color=&#8221;#F3F6F4&#8243; _builder_version=&#8221;4.23.1&#8243; _module_preset=&#8221;default&#8221; width=&#8221;66%&#8221; module_alignment=&#8221;center&#8221; custom_margin=&#8221;5%||24px||false|false&#8221; global_colors_info=&#8221;{}&#8221;][\/et_pb_divider][et_pb_button button_url=&#8221;https:\/\/www.greengoexperience.com\/supporto\/&#8221; button_text=&#8221;Hai delle domande?&#8221; button_alignment=&#8221;center&#8221; _builder_version=&#8221;4.23.1&#8243; _module_preset=&#8221;default&#8221; custom_button=&#8221;on&#8221; button_text_size=&#8221;34px&#8221; button_text_color=&#8221;#F3F3F4&#8243; button_bg_color=&#8221;#2E8056&#8243; button_bg_use_color_gradient=&#8221;on&#8221; button_bg_color_gradient_direction=&#8221;183deg&#8221; button_bg_color_gradient_stops=&#8221;#82e84c 0%|#2e8056 40%&#8221; button_border_radius=&#8221;22px&#8221; button_font=&#8221;Montserrat||||||||&#8221; button_text_size_tablet=&#8221;34px&#8221; button_text_size_phone=&#8221;22px&#8221; button_text_size_last_edited=&#8221;on|phone&#8221; global_colors_info=&#8221;{}&#8221; button_bg_color__hover_enabled=&#8221;on|desktop&#8221; button_bg_color__hover=&#8221;#2E8056&#8243;][\/et_pb_button][et_pb_divider color=&#8221;#F3F6F4&#8243; _builder_version=&#8221;4.23.1&#8243; _module_preset=&#8221;default&#8221; width=&#8221;66%&#8221; module_alignment=&#8221;center&#8221; custom_margin=&#8221;5%||2px||false|false&#8221; global_colors_info=&#8221;{}&#8221;][\/et_pb_divider][\/et_pb_column][\/et_pb_row][\/et_pb_section][et_pb_section fb_built=&#8221;1&#8243; _builder_version=&#8221;4.23.1&#8243; _module_preset=&#8221;default&#8221; width=&#8221;100%&#8221; module_alignment=&#8221;right&#8221; custom_margin=&#8221;||||false|false&#8221; border_radii=&#8221;on|22px|22px|22px|22px&#8221; border_width_all=&#8221;50px&#8221; border_color_all=&#8221;#F3F6F4&#8243; global_colors_info=&#8221;{}&#8221;][et_pb_row column_structure=&#8221;1_2,1_2&#8243; use_custom_gutter=&#8221;on&#8221; gutter_width=&#8221;1&#8243; make_equal=&#8221;on&#8221; module_id=&#8221;community&#8221; _builder_version=&#8221;4.23.1&#8243; _module_preset=&#8221;default&#8221; global_colors_info=&#8221;{}&#8221;][et_pb_column type=&#8221;1_2&#8243; _builder_version=&#8221;4.23.1&#8243; _module_preset=&#8221;default&#8221; global_colors_info=&#8221;{}&#8221;][et_pb_contact_form email=&#8221;info@greengoexperience.com&#8221; title=&#8221;Iscriviti qui: ti ricontatteremo in pochi minuti&#8221; custom_message=&#8221;NOME: %%Nome%%||et_pb_line_break_holder||EMAIL: %%Email%%||et_pb_line_break_holder||Telefono:%%Telefono%%||et_pb_line_break_holder||||et_pb_line_break_holder||||et_pb_line_break_holder||&#8212;||et_pb_line_break_holder||SITO GREEN-GO||et_pb_line_break_holder||MODULO PAGINA ISCRIZIONE COMMUNITY&#8221; success_message=&#8221;Abbiamo ricevuto il tuo messaggio. Sarai contattato presto dal nostro team.&#8221; submit_button_text=&#8221;RICHIEDI ISCRIZIONE&#8221; module_id=&#8221;form&#8221; _builder_version=&#8221;4.23.4&#8243; _unique_id=&#8221;96a1042d-9764-43f1-839c-50294e4019e0&#8243; form_field_background_color=&#8221;#ffffff&#8221; form_field_text_color=&#8221;#34171d&#8221; form_field_focus_background_color=&#8221;#fd7003&#8243; form_field_custom_margin=&#8221;|20%||20%|false|true&#8221; form_field_custom_margin_tablet=&#8221;|0%||0%|false|true&#8221; form_field_custom_margin_phone=&#8221;|||||false&#8221; form_field_custom_margin_last_edited=&#8221;on|tablet&#8221; form_field_custom_padding=&#8221;||||false|false&#8221; title_text_color=&#8221;#2E8056&#8243; form_field_font=&#8221;|600|||||||&#8221; form_field_font_size=&#8221;16px&#8221; background_color=&#8221;#F3F6F4&#8243; background_image=&#8221;https:\/\/www.greengoexperience.com\/energy\/wp-content\/uploads\/2023\/12\/sfondo-gree-go.png&#8221; background_size=&#8221;initial&#8221; background_position=&#8221;top_right&#8221; custom_button=&#8221;on&#8221; button_text_size=&#8221;18px&#8221; button_text_color=&#8221;#F3F6F4&#8243; button_border_color=&#8221;rgba(0,0,0,0)&#8221; button_border_radius=&#8221;22px&#8221; button_font=&#8221;Montserrat|600|||||||&#8221; button_custom_margin=&#8221;20px||||false|false&#8221; button_custom_padding_tablet=&#8221;&#8221; button_custom_padding_phone=&#8221;&#8221; button_custom_padding_last_edited=&#8221;on|phone&#8221; text_orientation=&#8221;left&#8221; custom_margin=&#8221;||||false|false&#8221; custom_padding=&#8221;22.7%|5%|22.7%|5%|true|true&#8221; hover_enabled=&#8221;0&#8243; title_font_size_tablet=&#8221;&#8221; title_font_size_phone=&#8221;24px&#8221; title_font_size_last_edited=&#8221;on|phone&#8221; button_text_size_tablet=&#8221;18px&#8221; button_text_size_phone=&#8221;15px&#8221; button_text_size_last_edited=&#8221;on|phone&#8221; border_radii=&#8221;on|5px|5px|5px|5px&#8221; box_shadow_style=&#8221;preset2&#8243; box_shadow_style_button=&#8221;preset2&#8243; global_colors_info=&#8221;{}&#8221; sticky_enabled=&#8221;0&#8243;][et_pb_contact_field field_id=&#8221;Nome&#8221; field_title=&#8221;Nome&#8221; _builder_version=&#8221;4.16&#8243; global_colors_info=&#8221;{}&#8221; button_text_size__hover_enabled=&#8221;off&#8221; button_one_text_size__hover_enabled=&#8221;off&#8221; button_two_text_size__hover_enabled=&#8221;off&#8221; button_text_color__hover_enabled=&#8221;off&#8221; button_one_text_color__hover_enabled=&#8221;off&#8221; button_two_text_color__hover_enabled=&#8221;off&#8221; button_border_width__hover_enabled=&#8221;off&#8221; button_one_border_width__hover_enabled=&#8221;off&#8221; button_two_border_width__hover_enabled=&#8221;off&#8221; button_border_color__hover_enabled=&#8221;off&#8221; button_one_border_color__hover_enabled=&#8221;off&#8221; button_two_border_color__hover_enabled=&#8221;off&#8221; button_border_radius__hover_enabled=&#8221;off&#8221; button_one_border_radius__hover_enabled=&#8221;off&#8221; button_two_border_radius__hover_enabled=&#8221;off&#8221; button_letter_spacing__hover_enabled=&#8221;off&#8221; button_one_letter_spacing__hover_enabled=&#8221;off&#8221; button_two_letter_spacing__hover_enabled=&#8221;off&#8221; button_bg_color__hover_enabled=&#8221;off&#8221; button_one_bg_color__hover_enabled=&#8221;off&#8221; button_two_bg_color__hover_enabled=&#8221;off&#8221;][\/et_pb_contact_field][et_pb_contact_field field_id=&#8221;Email&#8221; field_title=&#8221;E-mail &#8221; field_type=&#8221;email&#8221; _builder_version=&#8221;4.16&#8243; global_colors_info=&#8221;{}&#8221; button_text_size__hover_enabled=&#8221;off&#8221; button_one_text_size__hover_enabled=&#8221;off&#8221; button_two_text_size__hover_enabled=&#8221;off&#8221; button_text_color__hover_enabled=&#8221;off&#8221; button_one_text_color__hover_enabled=&#8221;off&#8221; button_two_text_color__hover_enabled=&#8221;off&#8221; button_border_width__hover_enabled=&#8221;off&#8221; button_one_border_width__hover_enabled=&#8221;off&#8221; button_two_border_width__hover_enabled=&#8221;off&#8221; button_border_color__hover_enabled=&#8221;off&#8221; button_one_border_color__hover_enabled=&#8221;off&#8221; button_two_border_color__hover_enabled=&#8221;off&#8221; button_border_radius__hover_enabled=&#8221;off&#8221; button_one_border_radius__hover_enabled=&#8221;off&#8221; button_two_border_radius__hover_enabled=&#8221;off&#8221; button_letter_spacing__hover_enabled=&#8221;off&#8221; button_one_letter_spacing__hover_enabled=&#8221;off&#8221; button_two_letter_spacing__hover_enabled=&#8221;off&#8221; button_bg_color__hover_enabled=&#8221;off&#8221; button_one_bg_color__hover_enabled=&#8221;off&#8221; button_two_bg_color__hover_enabled=&#8221;off&#8221;][\/et_pb_contact_field][et_pb_contact_field field_id=&#8221;Telefono&#8221; field_title=&#8221;Telefono&#8221; min_length=&#8221;9&#8243; max_length=&#8221;15&#8243; allowed_symbols=&#8221;numbers&#8221; fullwidth_field=&#8221;on&#8221; _builder_version=&#8221;4.16&#8243; _module_preset=&#8221;default&#8221; global_colors_info=&#8221;{}&#8221;][\/et_pb_contact_field][\/et_pb_contact_form][\/et_pb_column][et_pb_column type=&#8221;1_2&#8243; _builder_version=&#8221;4.23.1&#8243; _module_preset=&#8221;default&#8221; global_colors_info=&#8221;{}&#8221;][et_pb_image src=&#8221;https:\/\/www.greengoexperience.com\/energy\/wp-content\/uploads\/2023\/12\/community-green-go.png&#8221; title_text=&#8221;community-green-go&#8221; src_tablet=&#8221;https:\/\/www.greengoexperience.com\/energy\/wp-content\/uploads\/2023\/12\/community-green-go.png&#8221; src_phone=&#8221;https:\/\/www.greengoexperience.com\/energy\/wp-content\/uploads\/2023\/12\/community-green-go.png&#8221; src_last_edited=&#8221;on|phone&#8221; disabled_on=&#8221;off|off|off&#8221; _builder_version=&#8221;4.23.1&#8243; _module_preset=&#8221;default&#8221; global_colors_info=&#8221;{}&#8221;][\/et_pb_image][\/et_pb_column][\/et_pb_row][\/et_pb_section][et_pb_section fb_built=&#8221;1&#8243; admin_label=&#8221;Features&#8221; _builder_version=&#8221;4.22.0&#8243; _module_preset=&#8221;default&#8221; custom_padding=&#8221;5px|||||&#8221; collapsed=&#8221;on&#8221; global_colors_info=&#8221;{}&#8221;][et_pb_row _builder_version=&#8221;4.22.0&#8243; _module_preset=&#8221;default&#8221; global_colors_info=&#8221;{}&#8221;][et_pb_column type=&#8221;4_4&#8243; _builder_version=&#8221;4.22.0&#8243; _module_preset=&#8221;default&#8221; global_colors_info=&#8221;{}&#8221;][et_pb_text _builder_version=&#8221;4.23.1&#8243; _module_preset=&#8221;f3f624ce-c17c-42a5-99e2-bbebeca8ce4d&#8221; header_2_font=&#8221;Dosis|700|||||||&#8221; header_2_text_color=&#8221;#1E6145&#8243; global_colors_info=&#8221;{}&#8221;]<\/p>\n<h2>In arrivo a breve&#8230;<\/h2>\n<p>[\/et_pb_text][\/et_pb_column][\/et_pb_row][et_pb_row column_structure=&#8221;1_2,1_2&#8243; use_custom_gutter=&#8221;on&#8221; gutter_width=&#8221;2&#8243; _builder_version=&#8221;4.23.1&#8243; _module_preset=&#8221;default&#8221; locked=&#8221;off&#8221; global_colors_info=&#8221;{}&#8221;][et_pb_column type=&#8221;1_2&#8243; _builder_version=&#8221;4.23.1&#8243; _module_preset=&#8221;default&#8221; background_color=&#8221;#F3F6F4&#8243; custom_padding=&#8221;40px|40px|40px|40px|true|true&#8221; custom_padding_tablet=&#8221;30px|30px|30px|30px|true|true&#8221; custom_padding_phone=&#8221;20px|20px|20px|20px|true|true&#8221; custom_padding_last_edited=&#8221;on|phone&#8221; border_radii=&#8221;on|10px|10px|10px|10px&#8221; global_colors_info=&#8221;{}&#8221;][et_pb_text _builder_version=&#8221;4.23.1&#8243; _module_preset=&#8221;ea809a08-6218-43ac-9dd0-b49f7d524aa3&#8243; text_font=&#8221;Dosis||||||||&#8221; text_font_size=&#8221;30px&#8221; header_2_font=&#8221;Dosis|700|||||||&#8221; header_2_text_color=&#8221;#1E6145&#8243; text_orientation=&#8221;center&#8221; global_colors_info=&#8221;{}&#8221;]Green-Go Tech[\/et_pb_text][\/et_pb_column][et_pb_column type=&#8221;1_2&#8243; _builder_version=&#8221;4.23.1&#8243; _module_preset=&#8221;default&#8221; background_color=&#8221;#F3F6F4&#8243; custom_padding=&#8221;40px|40px|40px|40px|true|true&#8221; custom_padding_tablet=&#8221;30px|30px|30px|30px|true|true&#8221; custom_padding_phone=&#8221;20px|20px|20px|20px|true|true&#8221; custom_padding_last_edited=&#8221;on|phone&#8221; border_radii=&#8221;on|10px|10px|10px|10px&#8221; global_colors_info=&#8221;{}&#8221;][et_pb_text _builder_version=&#8221;4.23.1&#8243; _module_preset=&#8221;ea809a08-6218-43ac-9dd0-b49f7d524aa3&#8243; text_font=&#8221;Dosis||||||||&#8221; text_font_size=&#8221;30px&#8221; header_2_font=&#8221;Dosis|700|||||||&#8221; header_2_text_color=&#8221;#1E6145&#8243; text_orientation=&#8221;center&#8221; global_colors_info=&#8221;{}&#8221;]<\/p>\n<p>Green-Go Mobility<\/p>\n<p>[\/et_pb_text][\/et_pb_column][\/et_pb_row][\/et_pb_section]<\/p>\n","protected":false},"excerpt":{"rendered":"<p>Il mondo Green-GoScopri le ultime storie, progetti e successi che plasmano il nostro mondo GREEN-GO. Nella sezione NEWS, immergiti nell&#8217;universo dell&#8217;innovazione e della sostenibilit\u00e0, dove ogni aggiornamento \u00e8 un passo avanti verso il cambiamento positivo.Ultime Notizie dal mondo Green-Go:Tra le nostre attivit\u00e0:Approfitta di una gamma completa di strumenti finanziari progettati per sostenere la crescita aziendale. [&hellip;]<\/p>\n","protected":false},"author":2,"featured_media":0,"parent":0,"menu_order":0,"comment_status":"closed","ping_status":"closed","template":"","meta":{"_et_pb_use_builder":"on","_et_pb_old_content":"","_et_gb_content_width":"","footnotes":""},"class_list":["post-1787","page","type-page","status-publish","hentry"],"_links":{"self":[{"href":"https:\/\/www.greengoexperience.com\/energy\/wp-json\/wp\/v2\/pages\/1787","targetHints":{"allow":["GET"]}}],"collection":[{"href":"https:\/\/www.greengoexperience.com\/energy\/wp-json\/wp\/v2\/pages"}],"about":[{"href":"https:\/\/www.greengoexperience.com\/energy\/wp-json\/wp\/v2\/types\/page"}],"author":[{"embeddable":true,"href":"https:\/\/www.greengoexperience.com\/energy\/wp-json\/wp\/v2\/users\/2"}],"replies":[{"embeddable":true,"href":"https:\/\/www.greengoexperience.com\/energy\/wp-json\/wp\/v2\/comments?post=1787"}],"version-history":[{"count":3,"href":"https:\/\/www.greengoexperience.com\/energy\/wp-json\/wp\/v2\/pages\/1787\/revisions"}],"predecessor-version":[{"id":2417,"href":"https:\/\/www.greengoexperience.com\/energy\/wp-json\/wp\/v2\/pages\/1787\/revisions\/2417"}],"wp:attachment":[{"href":"https:\/\/www.greengoexperience.com\/energy\/wp-json\/wp\/v2\/media?parent=1787"}],"curies":[{"name":"wp","href":"https:\/\/api.w.org\/{rel}","templated":true}]}}