{"id":2513,"date":"2024-04-03T19:07:42","date_gmt":"2024-04-03T17:07:42","guid":{"rendered":"https:\/\/www.greengoexperience.com\/energy\/?page_id=2513"},"modified":"2024-04-03T19:07:42","modified_gmt":"2024-04-03T17:07:42","slug":"termini-e-condizioni","status":"publish","type":"page","link":"https:\/\/www.greengoexperience.com\/energy\/termini-e-condizioni\/","title":{"rendered":"Termini e Condizioni"},"content":{"rendered":"<p class=\"p1\">TERMINI E CONDIZIONI 2024<\/p>\n<p class=\"p1\">Le presenti condizioni generali di vendita regolano la vendita esclusivamente in Italia dei prodotti elencati sul sito https:\/\/www.greengoexperience.com\/energy\/ a partire dalla registrazione dell\u2019ordine. Condizioni ed accettazione:<\/p>\n<p class=\"p1\">Il fatto che il Cliente accetti le Condizioni Generali di Vendita prima di confermare il proprio ordine sul sito https:\/\/www.greengoexperience.com\/energy\/, comporta automaticamente la presa visione e l\u2019accettazione delle medesime condizioni senza riserva. I dati anagrafici, il numero di telefono e l\u2019indirizzo e-mail inserite al momento dell\u2019apertura dell\u2019account necessario per procedere agli acquisti di merce a distanza devono essere esclusivamente i propri reali dati personali e non di terze persone e\/o di fantasia, pertanto non \u00e8 ammissibile per l\u2019acquirente di inserire dati falsi, e\/o inventati, e\/o di fantasia, nella procedura di registrazione necessaria ad attivare nei suoi confronti l\u2019iter per l\u2019esecuzione del presente contratto e le relative ulteriori comunicazioni;. L\u2019Acquirente con la compilazione dell\u2019ordine dichiara espressamente di essere maggiorenne e si assume la responsabilit\u00e0 dell\u2019osservanza delle norme di legge e di sicurezza relative all\u2019impiego dei prodotti acquistati, sollevando la GREEN-GO SRLS da qualsiasi responsabilit\u00e0 in caso di dichiarazioni non veritiere.<\/p>\n<ol class=\"ol1\">\n<li class=\"li1\">Ordini<\/li>\n<\/ol>\n<p class=\"p1\">In fase di completamento dell\u2019ordine viene chiesto di<span class=\"Apple-converted-space\">\u00a0<\/span><\/p>\n<ol class=\"ol1\">\n<li class=\"li1\">compilare il modulo relativo ai dati personali; \u00e8 importante specificare l\u2019indirizzo di consegna, il numero di telefono e un indirizzo di posta elettronica<\/li>\n<li class=\"li1\">Rileggere attentamente il modulo, in tutte le sue parti, prima di convalidare l\u2019ordine. la GREEN-GO SRLS non \u00e9 ritenuta in alcun caso responsabile di errori commessi in fase di acquisto e non resi noti alla GREEN-GO SRLS tramite e-mail n\u00e9 tanto meno di errori relativi alla consegna del collo derivanti da informazioni o dati erroneamente inseriti dal Cliente, nel modulo relativo ai dati personali. Tuttavia entro sessanta minuti dall\u2019ordine effettuato \u00e8 consentito chiedere modifiche di prodotti o indirizzo di spedizione. Oltre detto termine non sono consentite modifiche all\u2019ordine.<span class=\"Apple-converted-space\">\u00a0<\/span><\/li>\n<\/ol>\n<p class=\"p1\">2) Conferma dell\u2019\u2019Ordine:<\/p>\n<p class=\"p1\">Per tutti gli ordini effettuati sul sito https:\/\/www.greengoexperience.com\/energy\/, la GREEN-GO SRLS invia automaticamente un\u2019e-mail di conferma d\u2019ordine all\u2019indirizzo segnalato dal Cliente nella sua scheda dati.<\/p>\n<ol class=\"ol1\">\n<li class=\"li1\">Prodotti:<\/li>\n<\/ol>\n<p class=\"p1\">Le fotografie dei prodotti potrebbero, in alcuni casi, non corrispondere esattamente al prodotto ricevuto, senza per\u00f2 pregiudicarne la sua qualit\u00e0 che sar\u00e0 in ogni caso equivalente.<\/p>\n<ol class=\"ol1\">\n<li class=\"li1\">Prezzi e modalit\u00e0 di pagamento<\/li>\n<\/ol>\n<p class=\"p1\">Il prezzo unitario di vendita comprensivo di IVA \u00e8 evidenziato accanto a ciascun articolo ed \u00e8 espresso in Euro. I pagamenti previsti sono: Forma elettronica: Bonifico immediato; Paypal: Carta di Credito: Di seguito l\u2019elenco delle carte accettate: Visa Visa Electron Postepay Prepagate Paypal American Express Mastercard Maestro Internazionale (emessa all\u2019estero) Carta Si La somma corrispondente sar\u00e0 addebitata solo al momento della conferma dell\u2019ordine.Il trattamento e la trasmissione dei dati della carta di pagamento sono delegati alla nostra banca.<\/p>\n<ol class=\"ol1\">\n<li class=\"li1\">Spedizione della merce<\/li>\n<\/ol>\n<p class=\"p1\">L\u2019ordine viene approntato entro poche ore dal suo invio e la spedizione \u00e8 effettuata tramite corriere nazionale esclusivamente in Italia. Non appena il pacco verr\u00e0 affidato al corriere riceverai l\u2019e-mail contenente il numero di tracking indicato nella lettera di vettura mediante il quale \u00e8 possibile monitorare l\u2019andamento della spedizione. Le spese di spedizione sono gratuite per ordini a partire da \u20ac 199. Per gli ordini inferiori a \u20ac 199, il costo della spedizione \u00e8 di \u20ac<span class=\"Apple-converted-space\">\u00a0\u00a0<\/span>30 IVA compresa per le solo consegne in Italia. I tempi di consegna indicativi per l\u2019Italia sono circa 3-5 giorni lavorativi, escluso il giorno della partenza della merce. Si fa presente che il corriere consegner\u00e0 al piano stradale e non effettua consegne al piano.<\/p>\n<ol class=\"ol1\">\n<li class=\"li1\">Consegna della merce<\/li>\n<\/ol>\n<p class=\"p1\">Al momento della consegna, eventuali danneggiamenti o mancanza di colli vanno segnalati immediatamente mediante annotazione da riportare sul documento di trasporto consegnato dal corriere, specificando il\/i prodotti eventualmente danneggiati o mancanti. Tale annotazione andr\u00e0 contestualmente comunicata via e-mail all\u2019indirizzo info@greengoexperience.com. A seguito delle opportune verifiche del caso la Solo in questo modo la GREEN-GO SRLS potr\u00e0 procedere alla parziale o totale sostituzione del prodotto.<\/p>\n<ol class=\"ol1\">\n<li class=\"li1\">Modifica delle condizioni vendita:<\/li>\n<\/ol>\n<p class=\"p1\">la GREEN-GO SRLS. si riserva il diritto insindacabile di modificare in qualunque momento le presenti Condizioni Generali di Vendita. Ogni versione delle Condizioni Generali di Vendita riporta una data precisa, pertanto i Clienti sono invitati a leggere le Condizioni Generali di Vendita prima di ogni acquisto.<\/p>\n<ol class=\"ol1\">\n<li class=\"li1\">Diritto di recesso<\/li>\n<\/ol>\n<p class=\"p1\">ai sensi del Decreto Legislativo n. 206\/2005, GREEN-GO SRLS riconosce all\u2019Acquirente della merce il diritto di recesso e tale diritto, a norma di legge, potr\u00e0 essere esercitato dall\u2019Acquirente ENTRO E NON OLTRE 14 (quattordici) GIORNI LAVORATIVI dalla data di ricevimento della merce, sotto pena di decadenza. La comunicazione del recesso dovr\u00e0 essere inviata, nei termini sopracitati, tramite e-mail all\u2019indirizzo info@greengoexperience.com, oppure tramite lettera raccomandata con avviso di ricevimento al seguente indirizzo: GREEN-GO SRLS VIA FERRIERA 39 83100 AVELLINO (AV) Dovr\u00e0 altres\u00ec indicare: *l\u2019indicazione del prodotto\/prodotti ordinati *gli estremi del documento d\u2019ordine e i dati relativi al proprio conto corrente bancario col quale si \u00e8 effettuato il pagamento (istituto bancario, agenzia di riferimento, iban). La merce resa dovr\u00e0 essere restituita, integra, entro e non oltre 14 (quattordici) giorni lavorativi dalla data di ricevimento della stessa (a tal fine far\u00e0 fede la data apposta sulla lettera di vettura del corriere consegnata all\u2019 Acquirente insieme alla merce) al seguente indirizzo: GREEN-GO SRLS VIA FERRIERA 39 83100 AVELLINO (AV) L\u2019Acquirente \u00e8 tenuto a rispedire la merce, secondo le modalit\u00e0 sopracitate, con pacco assicurato in porto franco. Non verranno in nessun caso ritirati pacchi rispediti in Porto Assegnato con conseguente blocco della procedura di recesso.Fino all\u2019attestato di avvenuto ricevimento nel nostro magazzino; sotto la completa responsabilit\u00e0 del Cliente; in caso di danneggiamento del bene durante il trasporto, GREEN-GO SRLS dar\u00e0 comunicazione al Cliente dell\u2019accaduto (entro il giorno lavorativo successivo al ricevimento del bene nel proprio magazzino), per consentirgli di sporgere tempestivamente denuncia nei confronti del corriere da lui scelto ed ottenere il rimborso del valore del bene (se assicurato); in questa eventualit\u00e0, il prodotto sar\u00e0 restituito, con spese di spedizione a carico del Cliente, contemporaneamente annullando la richiesta di recesso; GREENGO SRLS non risponde in nessun modo per danneggiamenti o furto\/smarrimento di beni restituiti con spedizioni non assicurate; al suo arrivo in magazzino, il prodotto sar\u00e0 esaminato per valutare eventuali danni o manomissioni non derivanti dal trasporto. Nel caso in cui si verificasse una mancanza e\/o rottura del prodotto sar\u00e0 interamente pagato dal Cliente per come da previsioni dal citato Decreto Legislativo n. 206\/2005. Una volta espletate le pratiche di controllo sul corretto utilizzo del Diritto di Recesso, GREEN-GO SRLS provveder\u00e0 a rimborsare all\u2019Acquirente entro i termini di legge la somma pagata per l\u2019acquisto della merce, dedotte le sole spese di spedizione.<\/p>\n<ol class=\"ol1\">\n<li class=\"li1\">Contatti<\/li>\n<\/ol>\n<p class=\"p1\">Per qualsiasi informazione potrete contattare direttamente la GREEN-GO SRLS al seguente numero telefonico:+39 348 0164490 (dal luned\u00ec al gioved\u00ec dalle 08:40 alle 13,00 e dalle 14,20 alle 18:00 ed il venerd\u00ec dalle 08:40 alle 13,00 e dalle 14,20 alle 17:00 ) oppure inviate una e-mail all\u2019indirizzo<span class=\"Apple-converted-space\">\u00a0\u00a0<\/span>info@greengoexperience.com<\/p>\n<p class=\"p1\">10) foro competente. Per qualsiasi controversia derivante da tutti i contratti di compravendita conclusi, si indica come Foro competente quello di Avellino.<\/p>\n","protected":false},"excerpt":{"rendered":"<p>TERMINI E CONDIZIONI 2024 Le presenti condizioni generali di vendita regolano la vendita esclusivamente in Italia dei prodotti elencati sul sito https:\/\/www.greengoexperience.com\/energy\/ a partire dalla registrazione dell\u2019ordine. Condizioni ed accettazione: Il fatto che il Cliente accetti le Condizioni Generali di Vendita prima di confermare il proprio ordine sul sito https:\/\/www.greengoexperience.com\/energy\/, comporta automaticamente la presa visione [&hellip;]<\/p>\n","protected":false},"author":1,"featured_media":0,"parent":0,"menu_order":0,"comment_status":"closed","ping_status":"closed","template":"","meta":{"_et_pb_use_builder":"","_et_pb_old_content":"","_et_gb_content_width":"","footnotes":""},"class_list":["post-2513","page","type-page","status-publish","hentry"],"_links":{"self":[{"href":"https:\/\/www.greengoexperience.com\/energy\/wp-json\/wp\/v2\/pages\/2513","targetHints":{"allow":["GET"]}}],"collection":[{"href":"https:\/\/www.greengoexperience.com\/energy\/wp-json\/wp\/v2\/pages"}],"about":[{"href":"https:\/\/www.greengoexperience.com\/energy\/wp-json\/wp\/v2\/types\/page"}],"author":[{"embeddable":true,"href":"https:\/\/www.greengoexperience.com\/energy\/wp-json\/wp\/v2\/users\/1"}],"replies":[{"embeddable":true,"href":"https:\/\/www.greengoexperience.com\/energy\/wp-json\/wp\/v2\/comments?post=2513"}],"version-history":[{"count":1,"href":"https:\/\/www.greengoexperience.com\/energy\/wp-json\/wp\/v2\/pages\/2513\/revisions"}],"predecessor-version":[{"id":2515,"href":"https:\/\/www.greengoexperience.com\/energy\/wp-json\/wp\/v2\/pages\/2513\/revisions\/2515"}],"wp:attachment":[{"href":"https:\/\/www.greengoexperience.com\/energy\/wp-json\/wp\/v2\/media?parent=2513"}],"curies":[{"name":"wp","href":"https:\/\/api.w.org\/{rel}","templated":true}]}}